{"id":790,"date":"2018-10-03T11:46:31","date_gmt":"2018-10-03T11:46:31","guid":{"rendered":"http:\/\/localhost\/www\/Mythemes\/modeling\/?page_id=790"},"modified":"2025-01-31T16:57:23","modified_gmt":"2025-01-31T14:57:23","slug":"about-us","status":"publish","type":"page","link":"https:\/\/muenchner-kickers.de\/home\/home\/about-us\/","title":{"rendered":"\u00dcber uns"},"content":{"rendered":"<p>Wir verbinden mit Fu\u00dfball pure Leidenschaft und Lust auf gemeinschaftliche sportliche Erfolge, denn Fu\u00dfball verbindet \u00fcber den sportlichen Rahmen hinaus und schafft eine Grundlage f\u00fcr den Erfolg.<\/p>\n<p>Die Idee der gemeinsamen Vereinsgr\u00fcndung entstand durch Probleme in anderen Vereinen, denn diese sind oft gepr\u00e4gt von starren, unver\u00e4nderbaren Strukturen.<\/p>\n<p>Wir, die M\u00fcnchner Kickers setzen auf die Partizipation aller Mitglieder und bieten daf\u00fcr dynamische, mitgestaltbare Strukturen. Mit der Vereinsgr\u00fcndung im Jahr 2015 haben wir den ersten Schritt in diese Richtung gemacht. Zusammen mit unseren Sponsoren werden wir versuchen, gemeinsam unsere Ziele zu erreichen und kontinuierlich zu wachsen.<\/p>\n<p>\u00a0<\/p>\n\n\n<br> <\/br>\n\n\n\n<figure class=\"wp-block-image size-large\"><img loading=\"lazy\" decoding=\"async\" width=\"1024\" height=\"450\" src=\"https:\/\/muenchner-kickers.de\/home\/wp-content\/uploads\/2023\/03\/Grafik-1024x450.png\" alt=\"\" class=\"wp-image-2032\" srcset=\"https:\/\/muenchner-kickers.de\/home\/wp-content\/uploads\/2023\/03\/Grafik-1024x450.png 1024w, https:\/\/muenchner-kickers.de\/home\/wp-content\/uploads\/2023\/03\/Grafik-300x132.png 300w, https:\/\/muenchner-kickers.de\/home\/wp-content\/uploads\/2023\/03\/Grafik-768x337.png 768w, https:\/\/muenchner-kickers.de\/home\/wp-content\/uploads\/2023\/03\/Grafik.png 1279w\" sizes=\"auto, (max-width: 1024px) 100vw, 1024px\" \/><\/figure>\n\n\n\n<br> <\/br>\n\n\n\n<figure class=\"wp-block-image size-large\"><img loading=\"lazy\" decoding=\"async\" width=\"1024\" height=\"353\" src=\"https:\/\/muenchner-kickers.de\/home\/wp-content\/uploads\/2023\/03\/Grafik2-1024x353.png\" alt=\"\" class=\"wp-image-2033\" srcset=\"https:\/\/muenchner-kickers.de\/home\/wp-content\/uploads\/2023\/03\/Grafik2-1024x353.png 1024w, https:\/\/muenchner-kickers.de\/home\/wp-content\/uploads\/2023\/03\/Grafik2-300x103.png 300w, https:\/\/muenchner-kickers.de\/home\/wp-content\/uploads\/2023\/03\/Grafik2-768x265.png 768w, https:\/\/muenchner-kickers.de\/home\/wp-content\/uploads\/2023\/03\/Grafik2.png 1518w\" sizes=\"auto, (max-width: 1024px) 100vw, 1024px\" \/><\/figure>\n","protected":false},"excerpt":{"rendered":"<p>Wir verbinden mit Fu\u00dfball pure Leidenschaft und Lust auf gemeinschaftliche sportliche Erfolge, denn Fu\u00dfball verbindet \u00fcber den sportlichen Rahmen hinaus und schafft eine Grundlage f\u00fcr den Erfolg. Die Idee der gemeinsamen Vereinsgr\u00fcndung entstand durch Probleme in anderen Vereinen, denn diese sind oft gepr\u00e4gt von starren, unver\u00e4nderbaren Strukturen. Wir, die M\u00fcnchner Kickers setzen auf die Partizipation aller Mitglieder und bieten daf\u00fcr dynamische, mitgestaltbare Strukturen. Mit der Vereinsgr\u00fcndung im Jahr 2015 haben wir den ersten Schritt in diese Richtung gemacht. Zusammen mit unseren Sponsoren werden wir versuchen, gemeinsam unsere Ziele zu erreichen und kontinuierlich zu wachsen. \u00a0<\/p>\n","protected":false},"author":1,"featured_media":0,"parent":1967,"menu_order":0,"comment_status":"closed","ping_status":"closed","template":"template-parts\/template-full-width.php","meta":{"footnotes":""},"class_list":["post-790","page","type-page","status-publish","hentry"],"_links":{"self":[{"href":"https:\/\/muenchner-kickers.de\/home\/wp-json\/wp\/v2\/pages\/790","targetHints":{"allow":["GET"]}}],"collection":[{"href":"https:\/\/muenchner-kickers.de\/home\/wp-json\/wp\/v2\/pages"}],"about":[{"href":"https:\/\/muenchner-kickers.de\/home\/wp-json\/wp\/v2\/types\/page"}],"author":[{"embeddable":true,"href":"https:\/\/muenchner-kickers.de\/home\/wp-json\/wp\/v2\/users\/1"}],"replies":[{"embeddable":true,"href":"https:\/\/muenchner-kickers.de\/home\/wp-json\/wp\/v2\/comments?post=790"}],"version-history":[{"count":17,"href":"https:\/\/muenchner-kickers.de\/home\/wp-json\/wp\/v2\/pages\/790\/revisions"}],"predecessor-version":[{"id":2201,"href":"https:\/\/muenchner-kickers.de\/home\/wp-json\/wp\/v2\/pages\/790\/revisions\/2201"}],"up":[{"embeddable":true,"href":"https:\/\/muenchner-kickers.de\/home\/wp-json\/wp\/v2\/pages\/1967"}],"wp:attachment":[{"href":"https:\/\/muenchner-kickers.de\/home\/wp-json\/wp\/v2\/media?parent=790"}],"curies":[{"name":"wp","href":"https:\/\/api.w.org\/{rel}","templated":true}]}}