{"id":2121,"date":"2023-04-05T14:31:10","date_gmt":"2023-04-05T13:31:10","guid":{"rendered":"https:\/\/muenchner-kickers.de\/home\/?page_id=2121"},"modified":"2025-01-31T16:55:47","modified_gmt":"2025-01-31T14:55:47","slug":"mitgliedschaft","status":"publish","type":"page","link":"https:\/\/muenchner-kickers.de\/home\/home\/mitgliedschaft\/","title":{"rendered":"Mitgliedschaft"},"content":{"rendered":"\n<p><strong>Mitgliedsantrag (Aktive Mitgliedschaft)<br><\/strong>Diesen k\u00f6nnen Sie im folgenden Link&nbsp;downloaden und ausdrucken.<\/p>\n\n\n\n<div class=\"wp-block-buttons .wp-block-buttons .wp-block, .wp-block-button.wp-block-button .wp-block-button { margin-bottom: 10px; } is-layout-flex wp-block-buttons-is-layout-flex\">\n<div class=\"wp-block-button .wp-block-buttons { margin-bottom: 10px; }\"><a class=\"wp-block-button__link has-white-color has-text-color has-background wp-element-button\" href=\"https:\/\/muenchner-kickers.de\/home\/wp-content\/uploads\/2023\/04\/01_Mitgliedsantrag_ordentliche_Mitglieder_n.pdf\" style=\"background-color:#0098d4\" target=\"_blank\" rel=\"noreferrer noopener\">Mitgliedsantrag (Aktives Mitglied)<\/a><\/div>\n<\/div>\n\n\n\n<p> <\/p>\n\n\n\n<p>So wird\u00b4s gemacht&#8230;<\/p>\n\n\n\n<p>1. Mitgliedsantrag ausdrucken<br>2. Mitgliedsantrag ausf\u00fcllen<br>3. Mitgliedsantrag per Post oder eingescannt an&nbsp;<a href=\"mailto:info@muenchner-kickers.de\">info@muenchner-kickers.de<\/a> zusenden.<br>(Achtung! Den Mitgliedsantrag bitte vollst\u00e4ndig ausf\u00fcllen und mit allen Unterschriften versehen)<\/p>\n\n\n\n<p>Eine Mitgliedschaft beginnt mit der Abgabe des&nbsp;Aufnahmeantrags.<\/p>\n\n\n\n<p>Wir w\u00fcrden uns sehr freuen, Sie bei uns im Verein Willkommen hei\u00dfen zu d\u00fcrfen.<\/p>\n\n\n\n<p>Mitgliedsbeitr\u00e4ge:Die Beitr\u00e4ge f\u00fcr die aktive Mitgleidschaft entnehmen Sie bitte dem Mitgliedsantrag (Aktives Mitglied) unter der Rubrik Mitgliedsbeitr\u00e4ge.<\/p>\n\n\n\n<p><strong><br>Mitgliedsantrag (F\u00f6rdernde&nbsp;Mitgliedschaft)<br><\/strong>Dar\u00fcber hinaus k\u00f6nnen Sie auch als f\u00f6rderndes Mitglied den Verein unterst\u00fctzen. Anbei&nbsp;der Antrag f\u00fcr die F\u00f6rdermitgliedschaft (Mindestbetrag 5\u20ac mtl.).<\/p>\n\n\n\n<div class=\"wp-block-buttons is-layout-flex wp-block-buttons-is-layout-flex\">\n<div class=\"wp-block-button\"><a class=\"wp-block-button__link has-white-color has-text-color has-background wp-element-button\" href=\"https:\/\/muenchner-kickers.de\/home\/wp-content\/uploads\/2023\/04\/02_Mitgliedsantrag_auerordentliche_Mitglieder_n.pdf\" style=\"background-color:#0098d4\" target=\"_blank\" rel=\"noreferrer noopener\">Mitgliedsantrag (F\u00f6rdermitglied)<\/a><\/div>\n<\/div>\n\n\n\n<p> <\/p>\n\n\n\n<p>K\u00fcndigung der Mitgliedschaft:Der dem Verein&nbsp;gegen\u00fcber schriftlich zu erkl\u00e4rende Austritt ist jederzeit im Laufe des&nbsp;Gesch\u00e4ftsjahres unter Einhaltung einer K\u00fcndigungsfrist von zwei Monaten m\u00f6glich. Dies gilt sowohl f\u00fcr die aktive, als auch f\u00fcr die f\u00f6rdernde Mitgliedschaft.<\/p>\n\n\n\n<p> <\/p>\n\n\n\n<div class=\"wp-block-buttons is-layout-flex wp-block-buttons-is-layout-flex\">\n<div class=\"wp-block-button vereinssatzung\"><a class=\"wp-block-button__link has-white-color has-text-color has-background wp-element-button\" href=\"https:\/\/muenchner-kickers.de\/home\/wp-content\/uploads\/2023\/04\/000_Vereinssatzung.pdf\" style=\"background-color:#0098d4\" target=\"_blank\" rel=\"noreferrer noopener\">Vereinssatzung<\/a><\/div>\n<\/div>\n","protected":false},"excerpt":{"rendered":"<p>Mitgliedsantrag (Aktive Mitgliedschaft)Diesen k\u00f6nnen Sie im folgenden Link&nbsp;downloaden und ausdrucken. So wird\u00b4s gemacht&#8230; 1. Mitgliedsantrag ausdrucken2. Mitgliedsantrag ausf\u00fcllen3. Mitgliedsantrag per Post oder eingescannt an&nbsp;info@muenchner-kickers.de zusenden.(Achtung! Den Mitgliedsantrag bitte vollst\u00e4ndig ausf\u00fcllen und mit allen Unterschriften versehen) Eine Mitgliedschaft beginnt mit der Abgabe des&nbsp;Aufnahmeantrags. Wir w\u00fcrden uns sehr freuen, Sie bei uns im Verein Willkommen hei\u00dfen zu d\u00fcrfen. Mitgliedsbeitr\u00e4ge:Die Beitr\u00e4ge f\u00fcr die aktive Mitgleidschaft entnehmen Sie bitte dem Mitgliedsantrag (Aktives Mitglied) unter der Rubrik Mitgliedsbeitr\u00e4ge. Mitgliedsantrag (F\u00f6rdernde&nbsp;Mitgliedschaft)Dar\u00fcber hinaus k\u00f6nnen Sie auch als f\u00f6rderndes Mitglied den Verein unterst\u00fctzen. Anbei&nbsp;der Antrag f\u00fcr die F\u00f6rdermitgliedschaft (Mindestbetrag 5\u20ac mtl.). K\u00fcndigung der Mitgliedschaft:Der dem Verein&nbsp;gegen\u00fcber schriftlich zu&#8230; <\/p>\n","protected":false},"author":1,"featured_media":0,"parent":1967,"menu_order":0,"comment_status":"closed","ping_status":"closed","template":"template-parts\/template-full-width.php","meta":{"footnotes":""},"class_list":["post-2121","page","type-page","status-publish","hentry"],"_links":{"self":[{"href":"https:\/\/muenchner-kickers.de\/home\/wp-json\/wp\/v2\/pages\/2121","targetHints":{"allow":["GET"]}}],"collection":[{"href":"https:\/\/muenchner-kickers.de\/home\/wp-json\/wp\/v2\/pages"}],"about":[{"href":"https:\/\/muenchner-kickers.de\/home\/wp-json\/wp\/v2\/types\/page"}],"author":[{"embeddable":true,"href":"https:\/\/muenchner-kickers.de\/home\/wp-json\/wp\/v2\/users\/1"}],"replies":[{"embeddable":true,"href":"https:\/\/muenchner-kickers.de\/home\/wp-json\/wp\/v2\/comments?post=2121"}],"version-history":[{"count":27,"href":"https:\/\/muenchner-kickers.de\/home\/wp-json\/wp\/v2\/pages\/2121\/revisions"}],"predecessor-version":[{"id":2179,"href":"https:\/\/muenchner-kickers.de\/home\/wp-json\/wp\/v2\/pages\/2121\/revisions\/2179"}],"up":[{"embeddable":true,"href":"https:\/\/muenchner-kickers.de\/home\/wp-json\/wp\/v2\/pages\/1967"}],"wp:attachment":[{"href":"https:\/\/muenchner-kickers.de\/home\/wp-json\/wp\/v2\/media?parent=2121"}],"curies":[{"name":"wp","href":"https:\/\/api.w.org\/{rel}","templated":true}]}}